{"id":1475,"date":"2012-11-18T14:08:26","date_gmt":"2012-11-18T14:08:26","guid":{"rendered":"http:\/\/www.drivelife.it\/dlnew\/?page_id=1475"},"modified":"2012-11-19T16:27:27","modified_gmt":"2012-11-19T16:27:27","slug":"seat-leon-malaga","status":"publish","type":"page","link":"https:\/\/www.drivelife.it\/dlnew\/30s-days-novembre\/seat-leon-malaga\/","title":{"rendered":"SEAT LEON MALAGA"},"content":{"rendered":"<figure id=\"attachment_1476\" aria-describedby=\"caption-attachment-1476\" style=\"width: 960px\" class=\"wp-caption alignnone\"><a href=\"http:\/\/www.drivelife.it\/dlnew\/wp-content\/uploads\/2012\/11\/SEAT-LEON-testdrive-Malaga.jpg\"><img loading=\"lazy\" decoding=\"async\" class=\"size-large wp-image-1476\" title=\"SEAT LEON testdrive Malaga @ DRIVELIFE.IT magazine online\" src=\"http:\/\/www.drivelife.it\/dlnew\/wp-content\/uploads\/2012\/11\/SEAT-LEON-testdrive-Malaga-1000x666.jpg\" alt=\"SEAT LEON testdrive Malaga @ DRIVELIFE.IT magazine online\" width=\"960\" height=\"639\" srcset=\"https:\/\/www.drivelife.it\/dlnew\/wp-content\/uploads\/2012\/11\/SEAT-LEON-testdrive-Malaga-1000x666.jpg 1000w, https:\/\/www.drivelife.it\/dlnew\/wp-content\/uploads\/2012\/11\/SEAT-LEON-testdrive-Malaga-620x413.jpg 620w, https:\/\/www.drivelife.it\/dlnew\/wp-content\/uploads\/2012\/11\/SEAT-LEON-testdrive-Malaga-1600x1066.jpg 1600w, https:\/\/www.drivelife.it\/dlnew\/wp-content\/uploads\/2012\/11\/SEAT-LEON-testdrive-Malaga.jpg 1920w\" sizes=\"auto, (max-width: 960px) 100vw, 960px\" \/><\/a><figcaption id=\"caption-attachment-1476\" class=\"wp-caption-text\">SEAT LEON testdrive Malaga @ DRIVELIFE.IT magazine online<\/figcaption><\/figure>\n<h1>Ricetta fusion<\/h1>\n<h2>L\u2019EFFICIENZA TEDESCA SI FONDE CON LA PASSIONALIT\u00c0 SPAGNOLA: NASCE COS\u00cc SEAT LEON<\/h2>\n<p style=\"padding-left: 30px; text-align: left;\"><strong>MALAGA, TEST DRIVE<\/strong> &#8211; <em>(l\u2019inviato)<\/em> &#8211; La crema catalana \u00e8 un dessert tipico della Catalogna, si presenta come un dolce soffice e cremoso sormontato da una pellicola croccante di zucchero caramellato. \u2028Il w\u00fcrstel, \u00e8 un insaccato fatto con carni tritate, bovine e suine, tipico della Germania e dell&#8217;Austria.\u2028Vi attira un piatto fatto con questi due ingredienti?\u2028 Se l&#8217;insolito connubio tra queste due gustose pietanze risulta quanto mai ardito, altrettanto non si pu\u00f2 dire per quello che ha portato alla progettazione della nuova SEAT Leon. Il matrimonio tra l&#8217;efficienza tedesca e la passionalit\u00e0 spagnola \u00e8 quanto mai riuscito.<\/p>\n<p style=\"padding-left: 30px; text-align: left;\">La Leon \u00e8 stata completamente riprogettata, l&#8217;estetica morbida e tondeggiante del modello precedente lascia il posto a linee grintose e dal design pulito e minimalista.\u00a0 \u2028Una <strong>&#8220;l\u00ednea din\u00e0mica&#8221;<\/strong> spezzata, che dal passaruota anteriore arriva fino ai fari posteriori, caratterizza la fiancata, cos\u00ec come il terzo finestrino corto sul montante posteriore che punta verso l&#8217;alto.\u2028I proiettori full LED, disponibili a richiesta, oltre ad essere elemento che contraddistingue il nuovo linguaggio stilistico della SEAT, consentono alla spagnola di ottenere un primato, essendo la prima nel segmento delle compatte a offrire questa tecnologia.<\/p>\n<p><iframe loading=\"lazy\" src=\"http:\/\/player.vimeo.com\/video\/53768886?portrait=0&amp;badge=0&amp;color=ffffff\" frameborder=\"0\" width=\"720\" height=\"405\"><\/iframe><\/p>\n<p><a href=\"http:\/\/vimeo.com\/53768886\">New SEAT Leon HD Video<\/a> from <a href=\"http:\/\/vimeo.com\/drivelife\">Drivelife<\/a> on <a href=\"http:\/\/vimeo.com\">Vimeo<\/a>.<\/p>\n<p style=\"padding-left: 30px; text-align: left;\">Con i suoi 4,24 metri di lunghezza, la Leon ultima generazione \u00e8 cinque centimetri pi\u00f9 corta rispetto alla serie precedente, mentre il passo \u00e8 quasi sei centimetri pi\u00f9 lungo, migliorando le proporzioni complessive e consentendo di ridurre gli sbalzi, migliorando la stabilit\u00e0 della vettura e il comportamento stradale.\u2028\u2028Il peso contenuto \u00e8 una delle migliori doti della nuova SEAT Leon; utilizzando acciai ad alta e ad altissima resistenza, la carrozzeria della nuova Leon \u00e8 stata alleggerita di 25 chilogrammi. L\u2019impiego di materiali leggeri per tutti i componenti della vettura, dal propulsore, alla trasmissione e agli interni, ha consentito di ridurre ulteriormente il peso: rispetto alla versione precedente, \u00e8 diminuito di 90 chilogrammi.<\/p>\n<p style=\"padding-left: 30px; text-align: left;\">A dispetto di una lunghezza ridotta, la struttura intelligente del telaio MQB ha permesso di aumentare lo spazio interno, sia nell\u2019abitacolo che nel bagagliaio; ora ha una capacit\u00e0 di 380 litri, 39 litri in pi\u00f9.\u2028\u2028\u00a0Sedendosi sui sedili in pelle ribassati e sportivi della Leon, si avverte subito una sensazione di concretezza e di qualit\u00e0, i materiali sono piacevoli al tatto su tutte le superfici e il quadro strumenti \u00e8 elegante e caratterizzato dalle finiture bicolore.\u2028I pulsanti e i comandi a bordo si trovano esattamente dove il conducente si aspetta che siano.<\/p>\n<p style=\"padding-left: 30px; text-align: left;\">I propulsori sia benzina TSI che i diesel TDI sono tutti turbocompressi. La gamma dei motori benzina parte dal 1.2 86cv fino al 1.4 140cv. I diesel dal 1.6 90cv al 2.0 184cv.<\/p>\n<p style=\"padding-left: 30px; text-align: left;\">Gli allestimenti sono tre, REFERENCE, STYLE e FR.\u2028\u2028Su strada la Leon ha un carattere agile e dinamico ma anche rigoroso. Lo sterzo \u00e8 sensibile ma leggero e le sospensioni hanno il giusto mix tra comfort e sportivit\u00e0, anche se forzando l&#8217;andatura si perde un pochino il feeling col posteriore. Molto silenziosa in autostrada, si rivela un ottimo compromesso tra dinamismo e efficienza.<\/p>\n<h2>\u2028\u2028Anche se la commistione tra Spagna e Germania non vi convince e siete giustamente restii a provare la crema catalana con i w\u00fcrstel, vi esorto a provare la nuova SEAT Leon, \u00e8 un sapore che una volta provato, invece, convince. Prezzi a partire da 17.370 per la 1.2 TSI 86CV in allestimento Reference.<\/h2>\nngg_shortcode_0_placeholder\n<figure id=\"attachment_1477\" aria-describedby=\"caption-attachment-1477\" style=\"width: 960px\" class=\"wp-caption alignnone\"><a href=\"http:\/\/www.drivelife.it\/dlnew\/wp-content\/uploads\/2012\/11\/SEAT-LEON-testdrive-Malaga-2.jpg\"><img loading=\"lazy\" decoding=\"async\" class=\"size-large wp-image-1477\" title=\"SEAT LEON testdrive Malaga @ drivelife.it magazine online\" src=\"http:\/\/www.drivelife.it\/dlnew\/wp-content\/uploads\/2012\/11\/SEAT-LEON-testdrive-Malaga-2-1000x665.jpg\" alt=\"SEAT LEON testdrive Malaga @ drivelife.it magazine online\" width=\"960\" height=\"638\" srcset=\"https:\/\/www.drivelife.it\/dlnew\/wp-content\/uploads\/2012\/11\/SEAT-LEON-testdrive-Malaga-2-1000x665.jpg 1000w, https:\/\/www.drivelife.it\/dlnew\/wp-content\/uploads\/2012\/11\/SEAT-LEON-testdrive-Malaga-2-620x412.jpg 620w, https:\/\/www.drivelife.it\/dlnew\/wp-content\/uploads\/2012\/11\/SEAT-LEON-testdrive-Malaga-2-1600x1065.jpg 1600w, https:\/\/www.drivelife.it\/dlnew\/wp-content\/uploads\/2012\/11\/SEAT-LEON-testdrive-Malaga-2.jpg 1920w\" sizes=\"auto, (max-width: 960px) 100vw, 960px\" \/><\/a><figcaption id=\"caption-attachment-1477\" class=\"wp-caption-text\">SEAT LEON testdrive Malaga @ drivelife.it magazine online<\/figcaption><\/figure>\n","protected":false},"excerpt":{"rendered":"<p>Ricetta fusion L\u2019EFFICIENZA TEDESCA SI FONDE CON LA PASSIONALIT\u00c0 SPAGNOLA: NASCE COS\u00cc SEAT LEON MALAGA, TEST DRIVE &#8211; (l\u2019inviato) &#8211; La crema catalana \u00e8 un dessert tipico della Catalogna, si presenta come un dolce soffice e cremoso sormontato da una pellicola croccante di zucchero caramellato. \u2028Il w\u00fcrstel, \u00e8 un insaccato fatto con carni tritate, bovine [&hellip;]<\/p>\n","protected":false},"author":1,"featured_media":1476,"parent":1376,"menu_order":0,"comment_status":"open","ping_status":"open","template":"","meta":{"_monsterinsights_skip_tracking":false,"_monsterinsights_sitenote_active":false,"_monsterinsights_sitenote_note":"","_monsterinsights_sitenote_category":0,"ngg_post_thumbnail":0,"footnotes":""},"class_list":["post-1475","page","type-page","status-publish","has-post-thumbnail","hentry"],"_links":{"self":[{"href":"https:\/\/www.drivelife.it\/dlnew\/wp-json\/wp\/v2\/pages\/1475","targetHints":{"allow":["GET"]}}],"collection":[{"href":"https:\/\/www.drivelife.it\/dlnew\/wp-json\/wp\/v2\/pages"}],"about":[{"href":"https:\/\/www.drivelife.it\/dlnew\/wp-json\/wp\/v2\/types\/page"}],"author":[{"embeddable":true,"href":"https:\/\/www.drivelife.it\/dlnew\/wp-json\/wp\/v2\/users\/1"}],"replies":[{"embeddable":true,"href":"https:\/\/www.drivelife.it\/dlnew\/wp-json\/wp\/v2\/comments?post=1475"}],"version-history":[{"count":14,"href":"https:\/\/www.drivelife.it\/dlnew\/wp-json\/wp\/v2\/pages\/1475\/revisions"}],"predecessor-version":[{"id":1479,"href":"https:\/\/www.drivelife.it\/dlnew\/wp-json\/wp\/v2\/pages\/1475\/revisions\/1479"}],"up":[{"embeddable":true,"href":"https:\/\/www.drivelife.it\/dlnew\/wp-json\/wp\/v2\/pages\/1376"}],"wp:featuredmedia":[{"embeddable":true,"href":"https:\/\/www.drivelife.it\/dlnew\/wp-json\/wp\/v2\/media\/1476"}],"wp:attachment":[{"href":"https:\/\/www.drivelife.it\/dlnew\/wp-json\/wp\/v2\/media?parent=1475"}],"curies":[{"name":"wp","href":"https:\/\/api.w.org\/{rel}","templated":true}]}}