{"id":1199,"date":"2012-10-06T21:17:18","date_gmt":"2012-10-06T21:17:18","guid":{"rendered":"http:\/\/www.drivelife.it\/dlnew\/?page_id=1199"},"modified":"2012-10-16T21:24:03","modified_gmt":"2012-10-16T21:24:03","slug":"volkswagen-golf-vii","status":"publish","type":"page","link":"https:\/\/www.drivelife.it\/dlnew\/365s-automotive-story\/volkswagen-golf-vii\/","title":{"rendered":"VOLKSWAGEN GOLF VII"},"content":{"rendered":"<h1>Lucky Number<\/h1>\n<h2><strong>Abbiamo provato la nuova Golf VII<\/strong><\/h2>\n<figure id=\"attachment_1200\" aria-describedby=\"caption-attachment-1200\" style=\"width: 960px\" class=\"wp-caption alignnone\"><a href=\"http:\/\/www.drivelife.it\/dlnew\/wp-content\/uploads\/2012\/10\/GOLF-VII-DRIVELIFE-it-MAGAZINE-ON-line_2.jpg\"><img loading=\"lazy\" decoding=\"async\" class=\"size-large wp-image-1200\" title=\"VOLKSWAGEN GOLF VII @ drivelife.it magazine on line\" src=\"http:\/\/www.drivelife.it\/dlnew\/wp-content\/uploads\/2012\/10\/GOLF-VII-DRIVELIFE-it-MAGAZINE-ON-line_2-1000x651.jpg\" alt=\"VOLKSWAGEN GOLF VII @ drivelife.it magazine on line\" width=\"960\" height=\"624\" srcset=\"https:\/\/www.drivelife.it\/dlnew\/wp-content\/uploads\/2012\/10\/GOLF-VII-DRIVELIFE-it-MAGAZINE-ON-line_2-1000x651.jpg 1000w, https:\/\/www.drivelife.it\/dlnew\/wp-content\/uploads\/2012\/10\/GOLF-VII-DRIVELIFE-it-MAGAZINE-ON-line_2-620x403.jpg 620w, https:\/\/www.drivelife.it\/dlnew\/wp-content\/uploads\/2012\/10\/GOLF-VII-DRIVELIFE-it-MAGAZINE-ON-line_2.jpg 1024w\" sizes=\"auto, (max-width: 960px) 100vw, 960px\" \/><\/a><figcaption id=\"caption-attachment-1200\" class=\"wp-caption-text\">VOLKSWAGEN GOLF VII @ drivelife.it magazine on line<\/figcaption><\/figure>\n<p><strong>OLBIA &#8211; SARDINIA TEST DRIVE\u00a0<\/strong><\/p>\n<h2>Il numero sette esprime la globalit\u00e0, l\u2019universalit\u00e0, l\u2019equilibrio perfetto e rappresenta un ciclo compiuto e dinamico.<\/h2>\n<h2>Sette sono i mari secondo l&#8217;antica suddivisione dei greci, sette sono i cieli dell&#8217;antichit\u00e0, sette sono i colori dell&#8217;arcobaleno, sette sono le virt\u00f9 e i peccati capitali,<\/h2>\n<h2>sette sono i metalli simbolici del percorso di trasmutazione alchemica, sette sono le meraviglie del mondo antico e moderno e sette sono le generazioni di Volkswagen Golf.<\/h2>\n<h2>Il numero sette simboleggia il perfezionamento della natura umana, essa congiunge in s\u00e9 il ternario divino con il quaternario terrestre.<\/h2>\n<h2>Quindi il sette \u00e8 l\u2019espressione privilegiata della mediazione tra umano e divino.<\/h2>\n<figure id=\"attachment_1214\" aria-describedby=\"caption-attachment-1214\" style=\"width: 960px\" class=\"wp-caption alignnone\"><a href=\"http:\/\/www.drivelife.it\/dlnew\/wp-content\/uploads\/2012\/10\/DL-GOLF-VII-1.jpg\"><img loading=\"lazy\" decoding=\"async\" class=\"size-large wp-image-1214\" title=\"VOLKSWAGEN GOLF VII SARDINIA TEST DRIVE @ drivelife.it magazine on line\" src=\"http:\/\/www.drivelife.it\/dlnew\/wp-content\/uploads\/2012\/10\/DL-GOLF-VII-1-1000x545.jpg\" alt=\"VOLKSWAGEN GOLF VII SARDINIA TEST DRIVE @ drivelife.it magazine on line\" width=\"960\" height=\"523\" srcset=\"https:\/\/www.drivelife.it\/dlnew\/wp-content\/uploads\/2012\/10\/DL-GOLF-VII-1-1000x545.jpg 1000w, https:\/\/www.drivelife.it\/dlnew\/wp-content\/uploads\/2012\/10\/DL-GOLF-VII-1-620x338.jpg 620w, https:\/\/www.drivelife.it\/dlnew\/wp-content\/uploads\/2012\/10\/DL-GOLF-VII-1-1600x873.jpg 1600w, https:\/\/www.drivelife.it\/dlnew\/wp-content\/uploads\/2012\/10\/DL-GOLF-VII-1.jpg 1920w\" sizes=\"auto, (max-width: 960px) 100vw, 960px\" \/><\/a><figcaption id=\"caption-attachment-1214\" class=\"wp-caption-text\">VOLKSWAGEN GOLF VII SARDINIA TEST DRIVE @ drivelife.it magazine on line<\/figcaption><\/figure>\n<p><strong>Giorgetto Giugiaro<\/strong>, riferendosi alla <strong>Golf 7<\/strong>, l\u2019ha definita l\u2019essenza della prima e della quarta generzione, un\u2019auto che \u00e8 diventata perfetta e armonica, senza essere stata stravolta: &#8220;<em>Si intravede la prima Golf, io ho fatto una ragazzina, oggi \u00e8 una bella donna<\/em>&#8221;<\/p>\n<p><strong>Walter De Silva<\/strong> conferma: &#8220;<em>La Golf da 42 anni si ripete senza ripetersi<\/em>&#8221; e ha assicurato che sar\u00e0 il punto di riferimento per tutta la prossima gamma di Volkswagen.<\/p>\n<p>La sette \u00e8 stata progettata per rispondere a tre esigenze: solidit\u00e0, bassi costi di gestione e sportivit\u00e0.<\/p>\n<figure id=\"attachment_1257\" aria-describedby=\"caption-attachment-1257\" style=\"width: 150px\" class=\"wp-caption alignleft\"><a href=\"http:\/\/video.dlmagazine.it\/vdlm\/?p=135\"><img loading=\"lazy\" decoding=\"async\" class=\"size-thumbnail wp-image-1257\" title=\"EDIZIONE 13 OTTOBRE\" src=\"http:\/\/www.drivelife.it\/dlnew\/wp-content\/uploads\/2012\/09\/EDIZIONE-13-OTTOBRE-150x150.png\" alt=\"EDIZIONE 13 OTTOBRE\" width=\"150\" height=\"150\" srcset=\"https:\/\/www.drivelife.it\/dlnew\/wp-content\/uploads\/2012\/09\/EDIZIONE-13-OTTOBRE-150x150.png 150w, https:\/\/www.drivelife.it\/dlnew\/wp-content\/uploads\/2012\/09\/EDIZIONE-13-OTTOBRE-480x480.png 480w, https:\/\/www.drivelife.it\/dlnew\/wp-content\/uploads\/2012\/09\/EDIZIONE-13-OTTOBRE-640x640.png 640w\" sizes=\"auto, (max-width: 150px) 100vw, 150px\" \/><\/a><figcaption id=\"caption-attachment-1257\" class=\"wp-caption-text\">EDIZIONE 13 OTTOBRE<\/figcaption><\/figure>\n<p>A prima vista, si presenta pi\u00f9 bassa, pi\u00f9 larga e pi\u00f9 abitabile.<\/p>\n<p>Il suo design si rif\u00e0 al DNA storico del marchio, caratteristiche peculiari come il ridimensionato elemento trasversale della calandra del radiatore, le cornici dei cristalli e la linea del tetto vengono dalla prima serie mentre i tipici montanti posteriori e i passaruota dalla quarta.<\/p>\n<p>Tecnicamente la nuova Golf si presenta decisamente pi\u00f9 innovativa che nell\u2019aspetto, pur essendo pi\u00f9 spaziosa gli ingegneri di Wolfsburg l\u2019anno resa pi\u00f9 leggera, fino a ben 109 kg, -6 kg dall\u2019impianto elettrico, fino a -40 kg dalla carrozzeria, -26 kg dal telaio e -37 kg dagli interni.<\/p>\n<p>Visibilmente pi\u00f9 spaziosa e confortevole, la settima generazione offre un abitacolo pi\u00f9 lungo di 14 mm, cos\u00ec i passeggeri posteriori possono godere di maggiore spazio per le ginocchia. Lo spazio all\u2019altezza delle spalle \u00e8 cresciuto di 31 mm, mentre quello al livello dei gomiti di 22 mm.<\/p>\n<p>La migliore configurazione degli spazi interni ha consentito inoltre ulteriori affinamenti, la capacit\u00e0 del bagagliaio \u00e8 cresciuta di 30 litri, arrivando a 380; da notare, sempre per quanto riguarda il bagagliaio, il bordo di carico che si trova ad appena 665 mm da terra, il miglior valore del suo segmento.<br \/>\nOttimizzati anche i sistemi elettronici e di sicurezza, tra i quali spiccano la frenata anti collisione multipla, il freno di stazionamento elettronico, il bloccaggio elettronico del differenziale XDS, l\u2019ACC con front assist e funzione di frenata di emergenza e il comodissimo Park Assist.<br \/>\nI motori previsti al lancio comprendono sia diesel, 1.6 tdi 105cv e 2.0 tdi 150cv, che benzina, 1.2 tsi 105cv e il 1.4 tsi da 122 e 140cv.<\/p>\n<p>Tutti abbinabili al cambio dsg a 7 rapporti (<em>tranne il 1.2)<\/em>. Sono completamente nuovi e hanno iniezione diretta e sovralimentazione e montano di serie i sistemi start\/stop.<\/p>\n<p>Particolarmente ecocompatibili, i nuovi motori della Golf VII sono pi\u00f9 parchi nei consumi fino al 23%, riuscendo ad ottenere un&#8217;autonomia, teorica, fino a 1.562km.<\/p>\n<p>Si aggiungeranno in seguito le versioni GTD e GTI e motori con cilindrate inferiori.<\/p>\n<p>Le sospensioni prevedono uno schema anteriore di tipo McPherson e al posteriore un asse modulare leggero (<em>per potenze fino a 122cv<\/em>) o un sistema multilink.<\/p>\n<p>Sono, infine, tre gli allestimenti: Trendline, Comfortline e Highline.<\/p>\n<figure id=\"attachment_1212\" aria-describedby=\"caption-attachment-1212\" style=\"width: 960px\" class=\"wp-caption alignnone\"><a href=\"http:\/\/www.drivelife.it\/dlnew\/wp-content\/uploads\/2012\/10\/DL-GOLF-VII-2.jpg\"><img loading=\"lazy\" decoding=\"async\" class=\"size-large wp-image-1212\" title=\"VOLKSWAGEN GOLF VII SARDINIA TEST DRIVE @ drivelife.it magazine on line\" src=\"http:\/\/www.drivelife.it\/dlnew\/wp-content\/uploads\/2012\/10\/DL-GOLF-VII-2-1000x305.jpg\" alt=\"VOLKSWAGEN GOLF VII SARDINIA TEST DRIVE @ drivelife.it magazine on line\" width=\"960\" height=\"292\" srcset=\"https:\/\/www.drivelife.it\/dlnew\/wp-content\/uploads\/2012\/10\/DL-GOLF-VII-2-1000x305.jpg 1000w, https:\/\/www.drivelife.it\/dlnew\/wp-content\/uploads\/2012\/10\/DL-GOLF-VII-2-620x189.jpg 620w, https:\/\/www.drivelife.it\/dlnew\/wp-content\/uploads\/2012\/10\/DL-GOLF-VII-2-1600x488.jpg 1600w, https:\/\/www.drivelife.it\/dlnew\/wp-content\/uploads\/2012\/10\/DL-GOLF-VII-2.jpg 1920w\" sizes=\"auto, (max-width: 960px) 100vw, 960px\" \/><\/a><figcaption id=\"caption-attachment-1212\" class=\"wp-caption-text\">VOLKSWAGEN GOLF VII SARDINIA TEST DRIVE @ drivelife.it magazine on line<\/figcaption><\/figure>\n<h2>Seduti sui comodi sedili ErgoActive, si trova subito la posizione di guida ottimale.<\/h2>\n<h2>Molto bella la plancia e notevole lo sterzo, che opera con un rapporto di demoltiplicazione non progressivo, regalando in fase di manovra e di parcheggio maggiore leggerezza e diventando quasi &#8220;<em>racing&#8221;<\/em> all\u2019aumentare della velocit\u00e0, peccato che forzando gli ingressi in curva restituisca poco feeling.<\/h2>\n<h2>Ottima la frenata.<\/h2>\n<h2>Molto progressivo il motore.<\/h2>\n<h2>Golf 7 fa un notevole salto avanti rispetto alla generazione precedente e nella dinamica di marcia, in special modo in uscita di curva, qui, complici il minor peso e il differenziale autobloccante XDS, la trazione non manca mai e la dinamica di guida risulta ancora migliore.<\/h2>\n<p>&nbsp;<\/p>\n<h1>PHOTO BOOK <strong>VOLKSWAGEN GOLF VII<\/strong><br \/>\nOLBIA &#8211; SARDINIA TEST DRIVE<\/h1>\nngg_shortcode_0_placeholder\n<p>&nbsp;<\/p>\n<figure id=\"attachment_1206\" aria-describedby=\"caption-attachment-1206\" style=\"width: 960px\" class=\"wp-caption alignnone\"><a href=\"http:\/\/www.drivelife.it\/dlnew\/wp-content\/uploads\/2012\/10\/GOLF-VII-DRIVELIFE-it-MAGAZINE-ON-line_13.jpg\"><img loading=\"lazy\" decoding=\"async\" class=\"size-large wp-image-1206\" title=\"GOLF VII @ drivelife.it magazine on line\" src=\"http:\/\/www.drivelife.it\/dlnew\/wp-content\/uploads\/2012\/10\/GOLF-VII-DRIVELIFE-it-MAGAZINE-ON-line_13-1000x750.jpg\" alt=\"GOLF VII @ drivelife.it magazine on line\" width=\"960\" height=\"720\" srcset=\"https:\/\/www.drivelife.it\/dlnew\/wp-content\/uploads\/2012\/10\/GOLF-VII-DRIVELIFE-it-MAGAZINE-ON-line_13-1000x750.jpg 1000w, https:\/\/www.drivelife.it\/dlnew\/wp-content\/uploads\/2012\/10\/GOLF-VII-DRIVELIFE-it-MAGAZINE-ON-line_13-620x465.jpg 620w, https:\/\/www.drivelife.it\/dlnew\/wp-content\/uploads\/2012\/10\/GOLF-VII-DRIVELIFE-it-MAGAZINE-ON-line_13.jpg 1024w\" sizes=\"auto, (max-width: 960px) 100vw, 960px\" \/><\/a><figcaption id=\"caption-attachment-1206\" class=\"wp-caption-text\">&#8220;Il numero sette esprime la globalit\u00e0, l\u2019universalit\u00e0, l\u2019equilibrio perfetto e rappresenta un ciclo compiuto e dinamico&#8230; &#8211; &#8230; Seduti sui comodi sedili ergoActive, si trova subito la posizione di guida ottimale&#8230;&#8221;<\/figcaption><\/figure>\n<p>&nbsp;<\/p>\n","protected":false},"excerpt":{"rendered":"<p>Lucky Number Abbiamo provato la nuova Golf VII OLBIA &#8211; SARDINIA TEST DRIVE\u00a0 Il numero sette esprime la globalit\u00e0, l\u2019universalit\u00e0, l\u2019equilibrio perfetto e rappresenta un ciclo compiuto e dinamico. Sette sono i mari secondo l&#8217;antica suddivisione dei greci, sette sono i cieli dell&#8217;antichit\u00e0, sette sono i colori dell&#8217;arcobaleno, sette sono le virt\u00f9 e i peccati [&hellip;]<\/p>\n","protected":false},"author":1,"featured_media":1200,"parent":1157,"menu_order":0,"comment_status":"open","ping_status":"closed","template":"","meta":{"_monsterinsights_skip_tracking":false,"_monsterinsights_sitenote_active":false,"_monsterinsights_sitenote_note":"","_monsterinsights_sitenote_category":0,"ngg_post_thumbnail":0,"footnotes":""},"class_list":["post-1199","page","type-page","status-publish","has-post-thumbnail","hentry"],"_links":{"self":[{"href":"https:\/\/www.drivelife.it\/dlnew\/wp-json\/wp\/v2\/pages\/1199","targetHints":{"allow":["GET"]}}],"collection":[{"href":"https:\/\/www.drivelife.it\/dlnew\/wp-json\/wp\/v2\/pages"}],"about":[{"href":"https:\/\/www.drivelife.it\/dlnew\/wp-json\/wp\/v2\/types\/page"}],"author":[{"embeddable":true,"href":"https:\/\/www.drivelife.it\/dlnew\/wp-json\/wp\/v2\/users\/1"}],"replies":[{"embeddable":true,"href":"https:\/\/www.drivelife.it\/dlnew\/wp-json\/wp\/v2\/comments?post=1199"}],"version-history":[{"count":14,"href":"https:\/\/www.drivelife.it\/dlnew\/wp-json\/wp\/v2\/pages\/1199\/revisions"}],"predecessor-version":[{"id":1316,"href":"https:\/\/www.drivelife.it\/dlnew\/wp-json\/wp\/v2\/pages\/1199\/revisions\/1316"}],"up":[{"embeddable":true,"href":"https:\/\/www.drivelife.it\/dlnew\/wp-json\/wp\/v2\/pages\/1157"}],"wp:featuredmedia":[{"embeddable":true,"href":"https:\/\/www.drivelife.it\/dlnew\/wp-json\/wp\/v2\/media\/1200"}],"wp:attachment":[{"href":"https:\/\/www.drivelife.it\/dlnew\/wp-json\/wp\/v2\/media?parent=1199"}],"curies":[{"name":"wp","href":"https:\/\/api.w.org\/{rel}","templated":true}]}}